{"id":5,"date":"2017-11-04T19:23:39","date_gmt":"2017-11-04T19:23:39","guid":{"rendered":"http:\/\/beautifulpeople.se\/?page_id=5"},"modified":"2017-11-04T19:26:56","modified_gmt":"2017-11-04T19:26:56","slug":"lite-om-mig","status":"publish","type":"page","link":"http:\/\/beautifulpeople.se\/?page_id=5","title":{"rendered":"Lite om mig"},"content":{"rendered":"<p>Hej hej!<\/p>\n<p>Jag heter Sara Svensson och skriver om sk\u00f6nhet, inredning och h\u00e4lsa p\u00e5 denna sida. Jag har en stor passion f\u00f6r h\u00e4stridning och hoppas en dag ha r\u00e5d att k\u00f6pa min egna h\u00e4st. P\u00e5 fritiden f\u00f6rs\u00f6ker jag hinna med b\u00e5de skola, tr\u00e4ning och arbete s\u00e5 det blir inte s\u00e5 mycket tid \u00f6ver f\u00f6r bloggandet. Jag kommer att f\u00f6rs\u00f6ka g\u00f6ra mitt b\u00e4sta och skriva s\u00e5 ofta jag kan, men f\u00f6rvarnar er om att bloggandet kan bli lidande p.g.a mitt hektiska schema.<\/p>\n<p>Varma kramar,<\/p>\n<p>\/Sara<\/p>\n","protected":false},"excerpt":{"rendered":"<p>Hej hej! Jag heter Sara Svensson och skriver om sk\u00f6nhet, inredning och h\u00e4lsa p\u00e5 denna sida. Jag har en stor passion f\u00f6r h\u00e4stridning och hoppas en dag ha r\u00e5d att k\u00f6pa min egna h\u00e4st. P\u00e5 fritiden f\u00f6rs\u00f6ker jag hinna med b\u00e5de skola, tr\u00e4ning och arbete s\u00e5 det blir inte s\u00e5 mycket tid \u00f6ver f\u00f6r bloggandet. [&hellip;]<\/p>\n","protected":false},"author":1,"featured_media":0,"parent":0,"menu_order":0,"comment_status":"closed","ping_status":"closed","template":"","meta":[],"_links":{"self":[{"href":"http:\/\/beautifulpeople.se\/index.php?rest_route=\/wp\/v2\/pages\/5"}],"collection":[{"href":"http:\/\/beautifulpeople.se\/index.php?rest_route=\/wp\/v2\/pages"}],"about":[{"href":"http:\/\/beautifulpeople.se\/index.php?rest_route=\/wp\/v2\/types\/page"}],"author":[{"embeddable":true,"href":"http:\/\/beautifulpeople.se\/index.php?rest_route=\/wp\/v2\/users\/1"}],"replies":[{"embeddable":true,"href":"http:\/\/beautifulpeople.se\/index.php?rest_route=%2Fwp%2Fv2%2Fcomments&post=5"}],"version-history":[{"count":1,"href":"http:\/\/beautifulpeople.se\/index.php?rest_route=\/wp\/v2\/pages\/5\/revisions"}],"predecessor-version":[{"id":6,"href":"http:\/\/beautifulpeople.se\/index.php?rest_route=\/wp\/v2\/pages\/5\/revisions\/6"}],"wp:attachment":[{"href":"http:\/\/beautifulpeople.se\/index.php?rest_route=%2Fwp%2Fv2%2Fmedia&parent=5"}],"curies":[{"name":"wp","href":"https:\/\/api.w.org\/{rel}","templated":true}]}}